{"id":550,"date":"2020-11-12T13:58:35","date_gmt":"2020-11-12T12:58:35","guid":{"rendered":"https:\/\/stereostyle.eu\/?page_id=550"},"modified":"2024-04-05T09:37:49","modified_gmt":"2024-04-05T07:37:49","slug":"","status":"publish","type":"page","link":"https:\/\/stereostyle.eu\/o-firmie2\/","title":{"rendered":"About Us","raw":"About Us"},"content":{"rendered":"","protected":false,"raw":""},"excerpt":{"rendered":"","protected":false,"raw":""},"author":1,"featured_media":0,"parent":0,"menu_order":0,"comment_status":"closed","ping_status":"closed","template":"","meta":{"_pl_post_content":"","_pl_post_name":"","_pl_post_excerpt":"","_pl_post_title":"About Us","_en_post_content":"<!-- wp:html -->\n<h1 style=\"text-align: center;\"><b>WITAMY W STEREO STYLE<\/b><\/h1>\n<p><img class=\"alignnone size-large wp-image-296\" src=\"http:\/\/stereostyle.eu\/wp-content\/uploads\/2017\/05\/180-1024x683.jpg\" alt=\"\"><\/p>\n<p style=\"text-align: center;\">Stereo Style oferuje us\u0142ugi na ka\u017cdym etapie produkcji p\u0142yty, a poprzez kompleksowe wykonanie firma jest bezkonkurencyjna na rynku.<\/p>\n<p style=\"text-align: center;\">Wykonujemy zlecenia za r\u00f3wno dla klient\u00f3w indywidualnych, jak i du\u017cych firm fonograficznych, agencji reklamowych, wydawnictw prasowych, instytucji, dystrybutor\u00f3w i producent\u00f3w film\u00f3w, przedsi\u0119biorstw krajowych i zagranicznych. Dok\u0142adamy wszelkich stara\u0144, aby wykonane przez nas us\u0142ugi by\u0142y dla klienta satysfakcjonuj\u0105ce. Dzi\u0119ki temu swoje nagrania w nasze r\u0119ce powierzy\u0142o nam wiele gwiazd za r\u00f3wno polskiej jak i \u015bwiatowej sceny muzycznej.<\/p>\n<h3 style=\"text-align: center;\">JAKO\u015a\u0106<\/h3>\n<p><img class=\"alignnone wp-image-298\" src=\"http:\/\/stereostyle.eu\/wp-content\/uploads\/2017\/05\/Bez-tytu\u0142u.png\" alt=\"\" width=\"826\" height=\"399\"><\/p>\n<p>Dok\u0142adamy wszelkich stara\u0144, aby nasze us\u0142ugi by\u0142y wykonane z najwi\u0119kszym zaanga\u017cowaniem i profesjonalizmem. Cechuj\u0105 nas wzorowa dok\u0142adno\u015b\u0107, laboratoryjne warunki nagrania oraz skrupulatna weryfikacja ka\u017cdego zam\u00f3wienia. Na ka\u017cdym etapie produkcji dok\u0142adnie sprawdzamy jako\u015b\u0107 no\u015bnik\u00f3w i wykonania.<\/p>\n<p>Posiadaj\u0105c najnowsz\u0105 technologi\u0119 oraz wyspecjalizowany personel zyskujemy przewag\u0119 nad konkurencj\u0105. Wszystkie dzia\u0142ania, kt\u00f3re podejmujemy s\u0105 skierowane na zadowolenie klienta, kt\u00f3re jest dla nas warto\u015bci\u0105 nadrz\u0119dn\u0105.<\/p>\n<p><strong>Zapraszamy do zapoznania si\u0119 z nasz\u0105 ofert\u0105!<\/strong><\/p>\n<h3 style=\"text-align: center;\">NASI KLIENCI<\/h3>\n<p>[wcfgallery ids=\"138,139,140,141,142,143\" items=3]<\/p>\n<h3 style=\"text-align: center;\">NASZ PARK MASZYNOWY<\/h3>\n<p>[gallery ids=\"165\"]<\/p>\n<!-- \/wp:html -->","_en_post_name":"o-firmie2","_en_post_excerpt":"","_en_post_title":"About Us","edit_language":"pl","footnotes":""},"class_list":["post-550","page","type-page","status-publish","hentry"],"_links":{"self":[{"href":"https:\/\/stereostyle.eu\/wp-json\/wp\/v2\/pages\/550","targetHints":{"allow":["GET"]}}],"collection":[{"href":"https:\/\/stereostyle.eu\/wp-json\/wp\/v2\/pages"}],"about":[{"href":"https:\/\/stereostyle.eu\/wp-json\/wp\/v2\/types\/page"}],"author":[{"embeddable":true,"href":"https:\/\/stereostyle.eu\/wp-json\/wp\/v2\/users\/1"}],"replies":[{"embeddable":true,"href":"https:\/\/stereostyle.eu\/wp-json\/wp\/v2\/comments?post=550"}],"version-history":[{"count":5,"href":"https:\/\/stereostyle.eu\/wp-json\/wp\/v2\/pages\/550\/revisions"}],"predecessor-version":[{"id":603,"href":"https:\/\/stereostyle.eu\/wp-json\/wp\/v2\/pages\/550\/revisions\/603"}],"wp:attachment":[{"href":"https:\/\/stereostyle.eu\/wp-json\/wp\/v2\/media?parent=550"}],"curies":[{"name":"wp","href":"https:\/\/api.w.org\/{rel}","templated":true}]}}