{"id":2,"date":"2017-05-29T20:28:03","date_gmt":"2017-05-29T18:28:03","guid":{"rendered":"http:\/\/stereostyle.eu\/?page_id=2"},"modified":"2017-05-29T20:28:03","modified_gmt":"2017-05-29T18:28:03","slug":"","status":"publish","type":"page","link":"https:\/\/stereostyle.eu\/przykladowa-strona\/","title":{"rendered":"","raw":""},"content":{"rendered":"","protected":false,"raw":""},"excerpt":{"rendered":"","protected":false,"raw":""},"author":1,"featured_media":0,"parent":0,"menu_order":0,"comment_status":"closed","ping_status":"open","template":"","meta":{"_pl_post_content":"","_pl_post_name":"","_pl_post_excerpt":"","_pl_post_title":"","_en_post_content":"To jest przyk\u0142adowa strona. R\u00f3\u017cni si\u0119 ona od postu na blogu, poniewa\u017c pozostanie ona ci\u0105gle w jednym miejscu i poka\u017ce si\u0119 w panelu nawigacyjnym na Twojej stronie (w przypadku wi\u0119kszo\u015bci szablon\u00f3w). Wi\u0119kszo\u015b\u0107 os\u00f3b zaczyna od strony 'O mnie' lub 'O nas', kt\u00f3ra przedstawia ich potencjalnym odwiedzaj\u0105cym stron\u0119. Mo\u017ce to by\u0107 co\u015b takiego:\n\n<blockquote>Cze\u015b\u0107! Jestem kurierem na rowerze za dnia, noc\u0105 aktorem amatorem, a to jest m\u00f3j blog. Mieszkam w Gda\u0144sku, mam wspania\u0142ego psa o imieniu Azor i uwielbiam pi&#241;a colad\u0119. (Oraz to, kiedy \u0142apie mnie deszcz.)<\/blockquote>\n\n...lub co\u015b bardziej jak to:\n\n<blockquote>Firma XYZ zosta\u0142a za\u0142o\u017cona w 1971 roku i od tamtej pory wytwarza najlepszej jako\u015bci wihajster na rynku. Zlokalizowana w Pacanowie zatrudnia ponad 2000 os\u00f3b i jest powodem samego dobrodziejstwa dla lokalnej spo\u0142eczno\u015bci.<\/blockquote>\n\nJako nowy u\u017cytkownik WordPressa, mo\u017cesz odwiedzi\u0107 <a href=\"http:\/\/stereostyle.eu\/wp-admin\/\">sw\u00f3j panel administracyjny<\/a>, aby skasowa\u0107 t\u0119 stron\u0119 i stworzy\u0107 nowe, dostosowane do Twoich potrzeb strony. Mi\u0142ej zabawy!","_en_post_name":"przykladowa-strona","_en_post_excerpt":"","_en_post_title":"Przyk\u0142adowa strona","edit_language":"pl","footnotes":""},"class_list":["post-2","page","type-page","status-publish","hentry"],"_links":{"self":[{"href":"https:\/\/stereostyle.eu\/wp-json\/wp\/v2\/pages\/2","targetHints":{"allow":["GET"]}}],"collection":[{"href":"https:\/\/stereostyle.eu\/wp-json\/wp\/v2\/pages"}],"about":[{"href":"https:\/\/stereostyle.eu\/wp-json\/wp\/v2\/types\/page"}],"author":[{"embeddable":true,"href":"https:\/\/stereostyle.eu\/wp-json\/wp\/v2\/users\/1"}],"replies":[{"embeddable":true,"href":"https:\/\/stereostyle.eu\/wp-json\/wp\/v2\/comments?post=2"}],"version-history":[{"count":0,"href":"https:\/\/stereostyle.eu\/wp-json\/wp\/v2\/pages\/2\/revisions"}],"wp:attachment":[{"href":"https:\/\/stereostyle.eu\/wp-json\/wp\/v2\/media?parent=2"}],"curies":[{"name":"wp","href":"https:\/\/api.w.org\/{rel}","templated":true}]}}